{"id":4632,"date":"2025-01-23T20:28:38","date_gmt":"2025-01-23T20:28:38","guid":{"rendered":"http:\/\/quanexperiencias.com\/home\/?page_id=4632"},"modified":"2025-01-24T13:38:39","modified_gmt":"2025-01-24T13:38:39","slug":"incoming","status":"publish","type":"page","link":"http:\/\/quanexperiencias.com\/home\/incoming\/","title":{"rendered":"INCOMING"},"content":{"rendered":"<div class=\"wpb-content-wrapper\"><p>[vc_row full_width=&#8221;stretch_row_content_no_spaces&#8221; css=&#8221;.vc_custom_1737725394490{background-image: url(http:\/\/quanexperiencias.com\/home\/wp-content\/uploads\/2025\/01\/Tool-Kit-Quan-2-26-3.jpg?id=4684) !important;background-position: center !important;background-repeat: no-repeat !important;background-size: cover !important;}&#8221; el_class=&#8221;vc_bg_fixed&#8221;][vc_column]<div class=\"naix-empty-space \"><div class=\"nx_empty_space_lg\"  style=\"height: 100px\"><\/div><div class=\"nx_empty_space_md\"  style=\"height: 100px\"><\/div><div class=\"nx_empty_space_xs\"  style=\"height: 140px\"><\/div><\/div>[vc_single_image image=&#8221;4502&#8243; img_size=&#8221;large&#8221; alignment=&#8221;center&#8221; css_animation=&#8221;fadeInLeftBig&#8221; css=&#8221;&#8221;]<div class=\"naix-empty-space \"><div class=\"nx_empty_space_lg\"  style=\"height: 150px\"><\/div><div class=\"nx_empty_space_md\"  style=\"height: 150px\"><\/div><div class=\"nx_empty_space_xs\"  style=\"height: 20px\"><\/div><\/div>[\/vc_column][\/vc_row][vc_row css=&#8221;.vc_custom_1737663588378{background-color: #FFFFFF !important;}&#8221;][vc_column]<div class=\"naix-empty-space \"><div class=\"nx_empty_space_lg\"  style=\"height: 50px\"><\/div><div class=\"nx_empty_space_md\"  style=\"height: 50px\"><\/div><div class=\"nx_empty_space_xs\"  style=\"height: 20px\"><\/div><\/div>[vc_column_text css_animation=&#8221;fadeInRight&#8221; css=&#8221;&#8221;]<\/p>\n<h1 data-pm-slice=\"1 1 []\">Turismo receptivo de excelencia<\/h1>\n<p>[\/vc_column_text]<div class=\"naix-empty-space \"><div class=\"nx_empty_space_lg\"  style=\"height: 50px\"><\/div><div class=\"nx_empty_space_md\"  style=\"height: 50px\"><\/div><div class=\"nx_empty_space_xs\"  style=\"height: 20px\"><\/div><\/div>[\/vc_column][\/vc_row][vc_row css=&#8221;.vc_custom_1737663221748{background-color: #FFFFFF !important;}&#8221;][vc_column width=&#8221;1\/2&#8243;][vc_column_text css_animation=&#8221;fadeInUp&#8221; css=&#8221;&#8221;]<\/p>\n<p data-pm-slice=\"1 1 []\"><span style=\"color: #000000;\">En Quan, somos un reconocido Destination Management Company (DMC), especialistas en turismo receptivo para agencias internacionales cuyos clientes desean visitar Argentina. Ofrecemos un servicio completo que garantiza experiencias \u00fanicas y una organizaci\u00f3n impecable.<\/span><\/p>\n<p>[\/vc_column_text][\/vc_column][vc_column width=&#8221;1\/2&#8243;][vc_column_text css_animation=&#8221;fadeInUp&#8221; css=&#8221;&#8221;]<\/p>\n<p data-pm-slice=\"1 1 []\"><span style=\"color: #000000;\">Gestionamos toda la log\u00edstica del viaje, desde la recepci\u00f3n y traslados hasta el alojamiento y las excursiones. Tambi\u00e9n dise\u00f1amos itinerarios personalizados que incluyen experiencias gastron\u00f3micas, entretenimiento exclusivo y gu\u00edas certificados que aseguran un recorrido aut\u00e9ntico y enriquecedor por nuestro pa\u00eds. Nuestro equipo trabaja bajo los m\u00e1s altos est\u00e1ndares internacionales para asegurar una experiencia que combine profesionalismo y calidez.<\/span><\/p>\n<p>[\/vc_column_text][\/vc_column][\/vc_row][vc_row full_width=&#8221;stretch_row_content_no_spaces&#8221; css=&#8221;.vc_custom_1737661657634{background-color: #FFFFFF !important;background-position: center !important;background-repeat: no-repeat !important;background-size: cover !important;}&#8221;][vc_column]<div class=\"naix-empty-space \"><div class=\"nx_empty_space_lg\"  style=\"height: 50px\"><\/div><div class=\"nx_empty_space_md\"  style=\"height: 50px\"><\/div><div class=\"nx_empty_space_xs\"  style=\"height: 20px\"><\/div><\/div>[vc_images_carousel images=&#8221;4676,4677,4678,4679&#8243; img_size=&#8221;full&#8221; onclick=&#8221;link_no&#8221; speed=&#8221;1000&#8243; autoplay=&#8221;yes&#8221; hide_pagination_control=&#8221;yes&#8221; wrap=&#8221;yes&#8221; css=&#8221;&#8221;]<div class=\"naix-empty-space \"><div class=\"nx_empty_space_lg\"  style=\"height: 70px\"><\/div><div class=\"nx_empty_space_md\"  style=\"height: 70px\"><\/div><div class=\"nx_empty_space_xs\"  style=\"height: 80px\"><\/div><\/div>[\/vc_column][\/vc_row][vc_row css_animation=&#8221;fadeInRight&#8221; css=&#8221;.vc_custom_1737662184529{background-color: #FFFFFF !important;background-position: center !important;background-repeat: no-repeat !important;background-size: cover !important;}&#8221;][vc_column width=&#8221;1\/2&#8243;][\/vc_column][vc_column width=&#8221;1\/2&#8243;][vc_column_text css=&#8221;&#8221;]<\/p>\n<h1 style=\"text-align: right;\"><strong>Especialmente \u00fanicos.<\/strong><\/h1>\n<p>[\/vc_column_text]<div class=\"naix-empty-space \"><div class=\"nx_empty_space_lg\"  style=\"height: 20px\"><\/div><div class=\"nx_empty_space_md\"  style=\"height: 20px\"><\/div><div class=\"nx_empty_space_xs\"  style=\"height: 80px\"><\/div><\/div>[vc_column_text css=&#8221;&#8221;]<\/p>\n<p style=\"text-align: right;\"><span style=\"color: #000000;\">Siguiendo pr\u00e1cticas exitosas de otras agencias globales, hemos incorporado servicios adicionales como acceso a experiencias culturales exclusivas, visitas privadas a bodegas reconocidas mundialmente y paquetes premium para viajeros que buscan lujo y comodidad.<\/span><\/p>\n<p>[\/vc_column_text]<div class=\"naix-empty-space \"><div class=\"nx_empty_space_lg\"  style=\"height: 20px\"><\/div><div class=\"nx_empty_space_md\"  style=\"height: 20px\"><\/div><div class=\"nx_empty_space_xs\"  style=\"height: 80px\"><\/div><\/div>[\/vc_column][\/vc_row][vc_row css=&#8221;.vc_custom_1737661447235{background-color: #FFFFFF !important;background-position: center !important;background-repeat: no-repeat !important;background-size: cover !important;}&#8221;][vc_column css_animation=&#8221;fadeInLeftBig&#8221; width=&#8221;1\/2&#8243;][vc_column_text css=&#8221;&#8221;]<\/p>\n<h1 style=\"text-align: left;\"><strong>\u00bfQu\u00e9 ofrecemos?<\/strong><\/h1>\n<p>[\/vc_column_text]<div class=\"naix-empty-space \"><div class=\"nx_empty_space_lg\"  style=\"height: 20px\"><\/div><div class=\"nx_empty_space_md\"  style=\"height: 20px\"><\/div><div class=\"nx_empty_space_xs\"  style=\"height: 80px\"><\/div><\/div>[vc_column_text css=&#8221;&#8221;]<\/p>\n<p data-pm-slice=\"1 1 []\">Ofrecemos soporte multiling\u00fce y atenci\u00f3n personalizada 24\/7, garantizando una comunicaci\u00f3n fluida en cada etapa del viaje. Adem\u00e1s, integramos tecnolog\u00eda avanzada en nuestras operaciones para optimizar la planificaci\u00f3n y seguimiento del itinerario de cada cliente. Conoc\u00e9 nuestros servicios y asegur\u00e1 la mejor experiencia para tus clientes en Argentina.<\/p>\n<p>[\/vc_column_text]<div class=\"naix-empty-space \"><div class=\"nx_empty_space_lg\"  style=\"height: 100px\"><\/div><div class=\"nx_empty_space_md\"  style=\"height: 100px\"><\/div><div class=\"nx_empty_space_xs\"  style=\"height: 80px\"><\/div><\/div>[\/vc_column][vc_column width=&#8221;1\/2&#8243;][\/vc_column][\/vc_row][vc_row content_placement=&#8221;middle&#8221; parallax=&#8221;content-moving&#8221; parallax_image=&#8221;4686&#8243; css=&#8221;.vc_custom_1737725917526{background-image: url(http:\/\/quanexperiencias.com\/home\/wp-content\/uploads\/2025\/01\/banner-05-1-scaled.jpg?id=4686) !important;background-position: center;background-repeat: no-repeat !important;background-size: cover !important;}&#8221;][vc_column]<div class=\"naix-empty-space \"><div class=\"nx_empty_space_lg\"  style=\"height: 170px\"><\/div><div class=\"nx_empty_space_md\"  style=\"height: 170px\"><\/div><div class=\"nx_empty_space_xs\"  style=\"height: 80px\"><\/div><\/div>[vc_column_text css=&#8221;&#8221;]<\/p>\n<h3 style=\"text-align: center;\"><span style=\"color: #ffffff;\"><strong>&#8220;No hay tierra como la Argentina para perderse y encontrarse al mismo tiempo.&#8221;<br \/>\n<\/strong><\/span><\/h3>\n<p style=\"text-align: center;\"><span style=\"color: #ffffff;\"><em>\u2014 Ricardo G\u00fciraldes<\/em><\/span><\/p>\n<p>[\/vc_column_text]<div class=\"naix-empty-space \"><div class=\"nx_empty_space_lg\"  style=\"height: 170px\"><\/div><div class=\"nx_empty_space_md\"  style=\"height: 170px\"><\/div><div class=\"nx_empty_space_xs\"  style=\"height: 80px\"><\/div><\/div>[\/vc_column][\/vc_row]<\/p>\n<\/div>","protected":false},"excerpt":{"rendered":"<p>[vc_row full_width=&#8221;stretch_row_content_no_spaces&#8221; css=&#8221;.vc_custom_1737725394490{background-image: url(http:\/\/quanexperiencias.com\/home\/wp-content\/uploads\/2025\/01\/Tool-Kit-Quan-2-26-3.jpg?id=4684) !important;background-position: center !important;background-repeat: no-repeat !important;background-size: cover !important;}&#8221; el_class=&#8221;vc_bg_fixed&#8221;][vc_column][vc_single_image image=&#8221;4502&#8243; img_size=&#8221;large&#8221; alignment=&#8221;center&#8221; css_animation=&#8221;fadeInLeftBig&#8221; css=&#8221;&#8221;][\/vc_column][\/vc_row][vc_row css=&#8221;.vc_custom_1737663588378{background-color: #FFFFFF !important;}&#8221;][vc_column][vc_column_text css_animation=&#8221;fadeInRight&#8221; css=&#8221;&#8221;] Turismo receptivo de excelencia [\/vc_column_text][\/vc_column][\/vc_row][vc_row css=&#8221;.vc_custom_1737663221748{background-color: #FFFFFF !important;}&#8221;][vc_column width=&#8221;1\/2&#8243;][vc_column_text css_animation=&#8221;fadeInUp&#8221; css=&#8221;&#8221;] En Quan, somos un reconocido Destination Management Company (DMC), especialistas en turismo receptivo para agencias internacionales cuyos clientes desean visitar Argentina. Ofrecemos&hellip;<\/p>\n","protected":false},"author":2,"featured_media":0,"parent":0,"menu_order":0,"comment_status":"closed","ping_status":"closed","template":"template-homepage.php","meta":{"_joinchat":[],"footnotes":""},"class_list":["post-4632","page","type-page","status-publish","hentry"],"_links":{"self":[{"href":"http:\/\/quanexperiencias.com\/home\/wp-json\/wp\/v2\/pages\/4632","targetHints":{"allow":["GET"]}}],"collection":[{"href":"http:\/\/quanexperiencias.com\/home\/wp-json\/wp\/v2\/pages"}],"about":[{"href":"http:\/\/quanexperiencias.com\/home\/wp-json\/wp\/v2\/types\/page"}],"author":[{"embeddable":true,"href":"http:\/\/quanexperiencias.com\/home\/wp-json\/wp\/v2\/users\/2"}],"replies":[{"embeddable":true,"href":"http:\/\/quanexperiencias.com\/home\/wp-json\/wp\/v2\/comments?post=4632"}],"version-history":[{"count":15,"href":"http:\/\/quanexperiencias.com\/home\/wp-json\/wp\/v2\/pages\/4632\/revisions"}],"predecessor-version":[{"id":4689,"href":"http:\/\/quanexperiencias.com\/home\/wp-json\/wp\/v2\/pages\/4632\/revisions\/4689"}],"wp:attachment":[{"href":"http:\/\/quanexperiencias.com\/home\/wp-json\/wp\/v2\/media?parent=4632"}],"curies":[{"name":"wp","href":"https:\/\/api.w.org\/{rel}","templated":true}]}}