{"id":4628,"date":"2025-01-23T20:25:45","date_gmt":"2025-01-23T20:25:45","guid":{"rendered":"http:\/\/quanexperiencias.com\/home\/?page_id=4628"},"modified":"2025-02-14T17:23:32","modified_gmt":"2025-02-14T17:23:32","slug":"sports-travel","status":"publish","type":"page","link":"http:\/\/quanexperiencias.com\/home\/sports-travel\/","title":{"rendered":"SPORTS TRAVEL"},"content":{"rendered":"<div class=\"wpb-content-wrapper\"><p>[vc_row full_width=&#8221;stretch_row_content_no_spaces&#8221; css=&#8221;.vc_custom_1737720957614{background-image: url(http:\/\/quanexperiencias.com\/home\/wp-content\/uploads\/2025\/01\/1-25-2.jpg?id=4647) !important;background-position: center !important;background-repeat: no-repeat !important;background-size: cover !important;}&#8221; el_class=&#8221;vc_bg_fixed&#8221;][vc_column]<div class=\"naix-empty-space \"><div class=\"nx_empty_space_lg\"  style=\"height: 100px\"><\/div><div class=\"nx_empty_space_md\"  style=\"height: 100px\"><\/div><div class=\"nx_empty_space_xs\"  style=\"height: 140px\"><\/div><\/div>[vc_single_image image=&#8221;4501&#8243; img_size=&#8221;large&#8221; alignment=&#8221;center&#8221; css_animation=&#8221;fadeInLeftBig&#8221; css=&#8221;&#8221;]<div class=\"naix-empty-space \"><div class=\"nx_empty_space_lg\"  style=\"height: 150px\"><\/div><div class=\"nx_empty_space_md\"  style=\"height: 150px\"><\/div><div class=\"nx_empty_space_xs\"  style=\"height: 20px\"><\/div><\/div>[\/vc_column][\/vc_row][vc_row css=&#8221;.vc_custom_1737663588378{background-color: #FFFFFF !important;}&#8221;][vc_column]<div class=\"naix-empty-space \"><div class=\"nx_empty_space_lg\"  style=\"height: 50px\"><\/div><div class=\"nx_empty_space_md\"  style=\"height: 50px\"><\/div><div class=\"nx_empty_space_xs\"  style=\"height: 20px\"><\/div><\/div>[vc_column_text css_animation=&#8221;fadeInRight&#8221; css=&#8221;&#8221;]<\/p>\n<h1 data-pm-slice=\"1 1 []\">Experiencias deportivas exclusivas<\/h1>\n<p>[\/vc_column_text]<div class=\"naix-empty-space \"><div class=\"nx_empty_space_lg\"  style=\"height: 50px\"><\/div><div class=\"nx_empty_space_md\"  style=\"height: 50px\"><\/div><div class=\"nx_empty_space_xs\"  style=\"height: 20px\"><\/div><\/div>[\/vc_column][\/vc_row][vc_row css=&#8221;.vc_custom_1737663221748{background-color: #FFFFFF !important;}&#8221;][vc_column width=&#8221;1\/2&#8243;][vc_column_text css_animation=&#8221;fadeInUp&#8221; css=&#8221;&#8221;]<\/p>\n<p data-pm-slice=\"1 1 []\">En Quan, somos especialistas en organizar viajes que combinan la pasi\u00f3n por el deporte con experiencias exclusivas. Desde hace m\u00e1s de 10 a\u00f1os, llevamos a grandes empresas y grupos a los eventos deportivos internacionales m\u00e1s destacados del calendario. Nos encargamos de todos los detalles para que cada momento sea inolvidable.<\/p>\n<p>[\/vc_column_text][\/vc_column][vc_column width=&#8221;1\/2&#8243;][vc_column_text css_animation=&#8221;fadeInUp&#8221; css=&#8221;&#8221;]<\/p>\n<p data-pm-slice=\"1 1 []\">Nuestro servicio incluye la gesti\u00f3n completa del viaje, que abarca vuelos, alojamiento, traslados y coordinaci\u00f3n general. Adem\u00e1s, ofrecemos entradas VIP que garantizan acceso a las mejores ubicaciones y experiencias exclusivas. Contamos con asistencia personalizada y un equipo dedicado para asegurar que todo salga a la perfecci\u00f3n.<\/p>\n<p>[\/vc_column_text][\/vc_column][\/vc_row][vc_row full_width=&#8221;stretch_row_content_no_spaces&#8221;][vc_column]<div class=\"naix-empty-space \"><div class=\"nx_empty_space_lg\"  style=\"height: 50px\"><\/div><div class=\"nx_empty_space_md\"  style=\"height: 50px\"><\/div><div class=\"nx_empty_space_xs\"  style=\"height: 20px\"><\/div><\/div><div class=\"naix-section-title  style-2 text- \"> <div class=\"desc\" ><p><img loading=\"lazy\" decoding=\"async\" class=\"aligncenter wp-image-4405 size-large\" src=\"http:\/\/quanexperiencias.com\/home\/wp-content\/uploads\/2025\/01\/a-11-1024x230.jpg\" alt=\"\" width=\"840\" height=\"189\" srcset=\"http:\/\/quanexperiencias.com\/home\/wp-content\/uploads\/2025\/01\/a-11-1024x230.jpg 1024w, http:\/\/quanexperiencias.com\/home\/wp-content\/uploads\/2025\/01\/a-11-300x67.jpg 300w, http:\/\/quanexperiencias.com\/home\/wp-content\/uploads\/2025\/01\/a-11-768x173.jpg 768w, http:\/\/quanexperiencias.com\/home\/wp-content\/uploads\/2025\/01\/a-11-1536x345.jpg 1536w, http:\/\/quanexperiencias.com\/home\/wp-content\/uploads\/2025\/01\/a-11-2048x460.jpg 2048w, http:\/\/quanexperiencias.com\/home\/wp-content\/uploads\/2025\/01\/a-11-480x108.jpg 480w, http:\/\/quanexperiencias.com\/home\/wp-content\/uploads\/2025\/01\/a-11-330x74.jpg 330w\" sizes=\"auto, (max-width: 840px) 100vw, 840px\" \/><\/p>\n<\/div><\/div>[\/vc_column][\/vc_row][vc_row full_width=&#8221;stretch_row_content_no_spaces&#8221; css=&#8221;.vc_custom_1737661657634{background-color: #FFFFFF !important;background-position: center !important;background-repeat: no-repeat !important;background-size: cover !important;}&#8221;][vc_column]<div class=\"naix-empty-space \"><div class=\"nx_empty_space_lg\"  style=\"height: 50px\"><\/div><div class=\"nx_empty_space_md\"  style=\"height: 50px\"><\/div><div class=\"nx_empty_space_xs\"  style=\"height: 20px\"><\/div><\/div>[vc_images_carousel images=&#8221;4360,4359,4351&#8243; img_size=&#8221;full&#8221; onclick=&#8221;link_no&#8221; speed=&#8221;1000&#8243; autoplay=&#8221;yes&#8221; hide_pagination_control=&#8221;yes&#8221; wrap=&#8221;yes&#8221; css=&#8221;&#8221;]<div class=\"naix-empty-space \"><div class=\"nx_empty_space_lg\"  style=\"height: 70px\"><\/div><div class=\"nx_empty_space_md\"  style=\"height: 70px\"><\/div><div class=\"nx_empty_space_xs\"  style=\"height: 80px\"><\/div><\/div>[\/vc_column][\/vc_row][vc_row css_animation=&#8221;fadeInRight&#8221; css=&#8221;.vc_custom_1737662184529{background-color: #FFFFFF !important;background-position: center !important;background-repeat: no-repeat !important;background-size: cover !important;}&#8221;][vc_column width=&#8221;1\/2&#8243;][\/vc_column][vc_column width=&#8221;1\/2&#8243;][vc_column_text css=&#8221;&#8221;]<\/p>\n<h2 style=\"text-align: right;\"><strong>Somos la agencia oficial del MotoGP Argentina<\/strong><\/h2>\n<p>[\/vc_column_text]<div class=\"naix-empty-space \"><div class=\"nx_empty_space_lg\"  style=\"height: 20px\"><\/div><div class=\"nx_empty_space_md\"  style=\"height: 20px\"><\/div><div class=\"nx_empty_space_xs\"  style=\"height: 80px\"><\/div><\/div>[vc_column_text css=&#8221;&#8221;]<\/p>\n<p style=\"text-align: right;\" data-pm-slice=\"1 1 []\">Desde hace m\u00e1s de una d\u00e9cada, gestionando la log\u00edstica de m\u00e1s de 2.000 personas durante la semana del evento, incluyendo equipos, prensa, sponsors y m\u00e1s.<\/p>\n<p>[\/vc_column_text]<div class=\"naix-empty-space \"><div class=\"nx_empty_space_lg\"  style=\"height: 20px\"><\/div><div class=\"nx_empty_space_md\"  style=\"height: 20px\"><\/div><div class=\"nx_empty_space_xs\"  style=\"height: 80px\"><\/div><\/div>[vc_column_text css=&#8221;&#8221;]<\/p>\n<h2 style=\"text-align: right;\"><strong>Partner estrat\u00e9gico de Amaison<\/strong><\/h2>\n<p>[\/vc_column_text]<div class=\"naix-empty-space \"><div class=\"nx_empty_space_lg\"  style=\"height: 20px\"><\/div><div class=\"nx_empty_space_md\"  style=\"height: 20px\"><\/div><div class=\"nx_empty_space_xs\"  style=\"height: 80px\"><\/div><\/div>[vc_column_text css=&#8221;&#8221;]<\/p>\n<p style=\"text-align: right;\" data-pm-slice=\"1 1 []\">Acompa\u00f1amos a m\u00e1s de 700 corredores cada a\u00f1o a las maratones m\u00e1s ic\u00f3nicas del mundo, como Nueva York, Tokio, Sidney, Londres, Berl\u00edn y Chicago, entre otras.<\/p>\n<p>[\/vc_column_text]<div class=\"naix-empty-space \"><div class=\"nx_empty_space_lg\"  style=\"height: 20px\"><\/div><div class=\"nx_empty_space_md\"  style=\"height: 20px\"><\/div><div class=\"nx_empty_space_xs\"  style=\"height: 80px\"><\/div><\/div>[\/vc_column][\/vc_row][vc_row css=&#8221;.vc_custom_1737661447235{background-color: #FFFFFF !important;background-position: center !important;background-repeat: no-repeat !important;background-size: cover !important;}&#8221;][vc_column css_animation=&#8221;fadeInLeftBig&#8221; width=&#8221;1\/2&#8243;][vc_column_text css=&#8221;&#8221;]<\/p>\n<h1 style=\"text-align: left;\"><strong>Experiencias inolvidables<\/strong><\/h1>\n<p>[\/vc_column_text]<div class=\"naix-empty-space \"><div class=\"nx_empty_space_lg\"  style=\"height: 20px\"><\/div><div class=\"nx_empty_space_md\"  style=\"height: 20px\"><\/div><div class=\"nx_empty_space_xs\"  style=\"height: 80px\"><\/div><\/div>[vc_column_text css=&#8221;&#8221;]<\/p>\n<p data-pm-slice=\"1 1 []\">Nos especializamos en los eventos deportivos m\u00e1s destacados como la F\u00f3rmula 1, Superbike, Maratones, Premier Padel, Copa Davis, Grand Slam, Mundiales, Copa Am\u00e9rica y Copa Libertadores.<\/p>\n<p>Este servicio est\u00e1 pensado especialmente para empresas que desean ofrecer a sus colaboradores o clientes experiencias inolvidables como parte de programas de incentivos. En Quan, nos encargamos de convertir estas vivencias en recuerdos \u00fanicos.[\/vc_column_text]<div class=\"naix-empty-space \"><div class=\"nx_empty_space_lg\"  style=\"height: 100px\"><\/div><div class=\"nx_empty_space_md\"  style=\"height: 100px\"><\/div><div class=\"nx_empty_space_xs\"  style=\"height: 80px\"><\/div><\/div>[\/vc_column][vc_column width=&#8221;1\/2&#8243;][\/vc_column][\/vc_row][vc_row content_placement=&#8221;middle&#8221; parallax=&#8221;content-moving&#8221; parallax_image=&#8221;4659&#8243; css=&#8221;.vc_custom_1737723092825{background-image: url(http:\/\/quanexperiencias.com\/home\/wp-content\/uploads\/2025\/01\/banner-05-scaled.jpg?id=4659) !important;background-position: center;background-repeat: no-repeat;background-size: cover !important;}&#8221;][vc_column]<div class=\"naix-empty-space \"><div class=\"nx_empty_space_lg\"  style=\"height: 170px\"><\/div><div class=\"nx_empty_space_md\"  style=\"height: 170px\"><\/div><div class=\"nx_empty_space_xs\"  style=\"height: 80px\"><\/div><\/div>[vc_column_text css=&#8221;&#8221;]<\/p>\n<h3 style=\"text-align: center;\"><span style=\"color: #ffffff;\"><strong>&#8220;El MotoGP no es solo competir; es un espect\u00e1culo que conecta la velocidad, la emoci\u00f3n y la pasi\u00f3n con los fans de todo el mundo.&#8221;  <\/strong><\/span><\/h3>\n<p style=\"text-align: center;\"><span style=\"color: #ffffff;\"><em>Marc M\u00e1rquez<\/span><\/p>\n<p>[\/vc_column_text]<div class=\"naix-empty-space \"><div class=\"nx_empty_space_lg\"  style=\"height: 170px\"><\/div><div class=\"nx_empty_space_md\"  style=\"height: 170px\"><\/div><div class=\"nx_empty_space_xs\"  style=\"height: 80px\"><\/div><\/div>[\/vc_column][\/vc_row]<\/p>\n<\/div>","protected":false},"excerpt":{"rendered":"<p>[vc_row full_width=&#8221;stretch_row_content_no_spaces&#8221; css=&#8221;.vc_custom_1737720957614{background-image: url(http:\/\/quanexperiencias.com\/home\/wp-content\/uploads\/2025\/01\/1-25-2.jpg?id=4647) !important;background-position: center !important;background-repeat: no-repeat !important;background-size: cover !important;}&#8221; el_class=&#8221;vc_bg_fixed&#8221;][vc_column][vc_single_image image=&#8221;4501&#8243; img_size=&#8221;large&#8221; alignment=&#8221;center&#8221; css_animation=&#8221;fadeInLeftBig&#8221; css=&#8221;&#8221;][\/vc_column][\/vc_row][vc_row css=&#8221;.vc_custom_1737663588378{background-color: #FFFFFF !important;}&#8221;][vc_column][vc_column_text css_animation=&#8221;fadeInRight&#8221; css=&#8221;&#8221;] Experiencias deportivas exclusivas [\/vc_column_text][\/vc_column][\/vc_row][vc_row css=&#8221;.vc_custom_1737663221748{background-color: #FFFFFF !important;}&#8221;][vc_column width=&#8221;1\/2&#8243;][vc_column_text css_animation=&#8221;fadeInUp&#8221; css=&#8221;&#8221;] En Quan, somos especialistas en organizar viajes que combinan la pasi\u00f3n por el deporte con experiencias exclusivas. Desde hace m\u00e1s de 10 a\u00f1os,&hellip;<\/p>\n","protected":false},"author":2,"featured_media":0,"parent":0,"menu_order":0,"comment_status":"closed","ping_status":"closed","template":"template-homepage.php","meta":{"_joinchat":[],"footnotes":""},"class_list":["post-4628","page","type-page","status-publish","hentry"],"_links":{"self":[{"href":"http:\/\/quanexperiencias.com\/home\/wp-json\/wp\/v2\/pages\/4628","targetHints":{"allow":["GET"]}}],"collection":[{"href":"http:\/\/quanexperiencias.com\/home\/wp-json\/wp\/v2\/pages"}],"about":[{"href":"http:\/\/quanexperiencias.com\/home\/wp-json\/wp\/v2\/types\/page"}],"author":[{"embeddable":true,"href":"http:\/\/quanexperiencias.com\/home\/wp-json\/wp\/v2\/users\/2"}],"replies":[{"embeddable":true,"href":"http:\/\/quanexperiencias.com\/home\/wp-json\/wp\/v2\/comments?post=4628"}],"version-history":[{"count":25,"href":"http:\/\/quanexperiencias.com\/home\/wp-json\/wp\/v2\/pages\/4628\/revisions"}],"predecessor-version":[{"id":4697,"href":"http:\/\/quanexperiencias.com\/home\/wp-json\/wp\/v2\/pages\/4628\/revisions\/4697"}],"wp:attachment":[{"href":"http:\/\/quanexperiencias.com\/home\/wp-json\/wp\/v2\/media?parent=4628"}],"curies":[{"name":"wp","href":"https:\/\/api.w.org\/{rel}","templated":true}]}}