{"id":3992,"date":"2017-07-18T09:40:20","date_gmt":"2017-07-18T09:40:20","guid":{"rendered":"http:\/\/demo2.drfuri.com\/naix\/?page_id=3992"},"modified":"2025-01-23T20:21:24","modified_gmt":"2025-01-23T20:21:24","slug":"meeting-events","status":"publish","type":"page","link":"http:\/\/quanexperiencias.com\/home\/meeting-events\/","title":{"rendered":"MEETING &#038; EVENTS"},"content":{"rendered":"<div class=\"wpb-content-wrapper\"><p>[vc_row full_width=&#8221;stretch_row_content_no_spaces&#8221; css=&#8221;.vc_custom_1737659356502{background-image: url(http:\/\/quanexperiencias.com\/home\/wp-content\/uploads\/2025\/01\/1-24-1.jpg?id=4504) !important;background-position: center !important;background-repeat: no-repeat !important;background-size: cover !important;}&#8221; el_class=&#8221;vc_bg_fixed&#8221;][vc_column]<div class=\"naix-empty-space \"><div class=\"nx_empty_space_lg\"  style=\"height: 100px\"><\/div><div class=\"nx_empty_space_md\"  style=\"height: 100px\"><\/div><div class=\"nx_empty_space_xs\"  style=\"height: 140px\"><\/div><\/div>[vc_single_image image=&#8221;4496&#8243; img_size=&#8221;large&#8221; alignment=&#8221;center&#8221; css_animation=&#8221;fadeInLeftBig&#8221; css=&#8221;&#8221;]<div class=\"naix-empty-space \"><div class=\"nx_empty_space_lg\"  style=\"height: 150px\"><\/div><div class=\"nx_empty_space_md\"  style=\"height: 150px\"><\/div><div class=\"nx_empty_space_xs\"  style=\"height: 20px\"><\/div><\/div>[\/vc_column][\/vc_row][vc_row css=&#8221;.vc_custom_1737663588378{background-color: #FFFFFF !important;}&#8221;][vc_column]<div class=\"naix-empty-space \"><div class=\"nx_empty_space_lg\"  style=\"height: 50px\"><\/div><div class=\"nx_empty_space_md\"  style=\"height: 50px\"><\/div><div class=\"nx_empty_space_xs\"  style=\"height: 20px\"><\/div><\/div>[vc_column_text css_animation=&#8221;fadeInRight&#8221; css=&#8221;&#8221;]<\/p>\n<h1><span style=\"color: #000000;\"><strong>Una elecci\u00f3n inteligente para eventos memorables.<\/strong><\/span><\/h1>\n<p>[\/vc_column_text]<div class=\"naix-empty-space \"><div class=\"nx_empty_space_lg\"  style=\"height: 50px\"><\/div><div class=\"nx_empty_space_md\"  style=\"height: 50px\"><\/div><div class=\"nx_empty_space_xs\"  style=\"height: 20px\"><\/div><\/div>[\/vc_column][\/vc_row][vc_row css=&#8221;.vc_custom_1737663221748{background-color: #FFFFFF !important;}&#8221;][vc_column width=&#8221;1\/2&#8243;][vc_column_text css_animation=&#8221;fadeInUp&#8221; css=&#8221;&#8221;]<span style=\"color: #000000;\">En Quan Experiencias, nos especializamos en la planificaci\u00f3n, dise\u00f1o y producci\u00f3n de viajes de incentivo y eventos corporativos que marcan la diferencia. Creamos experiencias personalizadas y de alta calidad, alineadas con las necesidades y objetivos de tu empresa.<\/span>[\/vc_column_text][\/vc_column][vc_column width=&#8221;1\/2&#8243;][vc_column_text css_animation=&#8221;fadeInUp&#8221; css=&#8221;&#8221;]<span style=\"color: #000000;\">Con nuestra estructura integral, pod\u00e9s delegar todos los aspectos organizativos de reuniones estrat\u00e9gicas, convenciones o lanzamientos de productos. Desde la conceptualizaci\u00f3n hasta la ejecuci\u00f3n final, te acompa\u00f1amos en cada paso para garantizar un evento impecable.<\/span>[\/vc_column_text][\/vc_column][\/vc_row][vc_row full_width=&#8221;stretch_row_content_no_spaces&#8221; css=&#8221;.vc_custom_1737661657634{background-color: #FFFFFF !important;background-position: center !important;background-repeat: no-repeat !important;background-size: cover !important;}&#8221;][vc_column]<div class=\"naix-empty-space \"><div class=\"nx_empty_space_lg\"  style=\"height: 50px\"><\/div><div class=\"nx_empty_space_md\"  style=\"height: 50px\"><\/div><div class=\"nx_empty_space_xs\"  style=\"height: 20px\"><\/div><\/div>[vc_images_carousel images=&#8221;4374,4373,4370&#8243; img_size=&#8221;full&#8221; onclick=&#8221;link_no&#8221; speed=&#8221;1000&#8243; autoplay=&#8221;yes&#8221; hide_pagination_control=&#8221;yes&#8221; wrap=&#8221;yes&#8221; css=&#8221;&#8221;]<div class=\"naix-empty-space \"><div class=\"nx_empty_space_lg\"  style=\"height: 70px\"><\/div><div class=\"nx_empty_space_md\"  style=\"height: 70px\"><\/div><div class=\"nx_empty_space_xs\"  style=\"height: 80px\"><\/div><\/div>[\/vc_column][\/vc_row][vc_row css_animation=&#8221;fadeInRight&#8221; css=&#8221;.vc_custom_1737662184529{background-color: #FFFFFF !important;background-position: center !important;background-repeat: no-repeat !important;background-size: cover !important;}&#8221;][vc_column width=&#8221;1\/2&#8243;][\/vc_column][vc_column width=&#8221;1\/2&#8243;][vc_column_text css=&#8221;&#8221;]<\/p>\n<h1 style=\"text-align: right;\"><strong>\u00bfPor qu\u00e9 elegir Quan?<\/strong><\/h1>\n<p>[\/vc_column_text]<div class=\"naix-empty-space \"><div class=\"nx_empty_space_lg\"  style=\"height: 20px\"><\/div><div class=\"nx_empty_space_md\"  style=\"height: 20px\"><\/div><div class=\"nx_empty_space_xs\"  style=\"height: 80px\"><\/div><\/div>[vc_column_text css=&#8221;&#8221;]<\/p>\n<p style=\"text-align: right;\"><span style=\"color: #000000;\">En Quan Experiencias te ofrecemos soluciones completas dise\u00f1adas espec\u00edficamente para adaptarse a las necesidades de tu empresa. Nos destacamos por brindar un seguimiento cercano y cuidar cada detalle para garantizar que tu evento sea un \u00e9xito. Adem\u00e1s, contamos con la flexibilidad necesaria para organizar eventos presenciales, h\u00edbridos o virtuales, asegur\u00e1ndonos de que cada experiencia sea \u00fanica y memorable, sin importar el formato.<\/span><\/p>\n<p>[\/vc_column_text]<div class=\"naix-empty-space \"><div class=\"nx_empty_space_lg\"  style=\"height: 20px\"><\/div><div class=\"nx_empty_space_md\"  style=\"height: 20px\"><\/div><div class=\"nx_empty_space_xs\"  style=\"height: 80px\"><\/div><\/div>[\/vc_column][\/vc_row][vc_row css=&#8221;.vc_custom_1737661447235{background-color: #FFFFFF !important;background-position: center !important;background-repeat: no-repeat !important;background-size: cover !important;}&#8221;][vc_column css_animation=&#8221;fadeInLeftBig&#8221; width=&#8221;1\/2&#8243;][vc_column_text css=&#8221;&#8221;]<\/p>\n<h1 style=\"text-align: left;\"><strong>\u00bfQu\u00e9 ofrecemos?<\/strong><\/h1>\n<p>[\/vc_column_text]<div class=\"naix-empty-space \"><div class=\"nx_empty_space_lg\"  style=\"height: 20px\"><\/div><div class=\"nx_empty_space_md\"  style=\"height: 20px\"><\/div><div class=\"nx_empty_space_xs\"  style=\"height: 80px\"><\/div><\/div>[vc_column_text css=&#8221;&#8221;]<\/p>\n<ul>\n<li><span style=\"color: #000000;\"><strong>Viajes de incentivo<\/strong><\/span><\/li>\n<li><span style=\"color: #000000;\"><strong>Kick-offs corporativos<\/strong><\/span><\/li>\n<li><span style=\"color: #000000;\"><strong>Convenciones y congresos<\/strong><\/span><\/li>\n<li><span style=\"color: #000000;\"><strong>Lanzamientos de productos<\/strong><\/span><\/li>\n<li><span style=\"color: #000000;\"><strong>Fiestas de fin de a\u00f1o y Family Days<\/strong><\/span><\/li>\n<li><span style=\"color: #000000;\"><strong>Activaciones de marca y exposiciones<\/strong><\/span><\/li>\n<li><span style=\"color: #000000;\"><strong>Eventos h\u00edbridos y virtuales<\/strong><\/span><\/li>\n<\/ul>\n<p>[\/vc_column_text]<div class=\"naix-empty-space \"><div class=\"nx_empty_space_lg\"  style=\"height: 100px\"><\/div><div class=\"nx_empty_space_md\"  style=\"height: 100px\"><\/div><div class=\"nx_empty_space_xs\"  style=\"height: 80px\"><\/div><\/div>[\/vc_column][vc_column width=&#8221;1\/2&#8243;][\/vc_column][\/vc_row][vc_row content_placement=&#8221;middle&#8221; parallax=&#8221;content-moving&#8221; parallax_image=&#8221;4590&#8243; css=&#8221;.vc_custom_1737662268140{background-image: url(http:\/\/quanexperiencias.com\/home\/wp-content\/uploads\/2025\/01\/people-setting-off-fireworks-with-cheerful-celebration-scaled.jpg?id=4590) !important;background-position: center;background-repeat: no-repeat !important;background-size: cover !important;}&#8221;][vc_column]<div class=\"naix-empty-space \"><div class=\"nx_empty_space_lg\"  style=\"height: 170px\"><\/div><div class=\"nx_empty_space_md\"  style=\"height: 170px\"><\/div><div class=\"nx_empty_space_xs\"  style=\"height: 80px\"><\/div><\/div>[vc_column_text css=&#8221;&#8221;]<\/p>\n<h3 style=\"text-align: center;\"><span style=\"color: #ffffff;\"><strong>&#8220;La vida no se mide por las veces que respiramos, sino por los momentos que nos dejan sin aliento.&#8221;<\/strong><\/span><\/h3>\n<p style=\"text-align: center;\"><span style=\"color: #ffffff;\"><em>Maya Angelou<\/em>, poeta y activista.<\/span><\/p>\n<p>[\/vc_column_text]<div class=\"naix-empty-space \"><div class=\"nx_empty_space_lg\"  style=\"height: 170px\"><\/div><div class=\"nx_empty_space_md\"  style=\"height: 170px\"><\/div><div class=\"nx_empty_space_xs\"  style=\"height: 80px\"><\/div><\/div>[\/vc_column][\/vc_row][vc_row css=&#8221;.vc_custom_1737663250671{background-color: #FFFFFF !important;}&#8221;][vc_column]<div class=\"naix-empty-space \"><div class=\"nx_empty_space_lg\"  style=\"height: 50px\"><\/div><div class=\"nx_empty_space_md\"  style=\"height: 50px\"><\/div><div class=\"nx_empty_space_xs\"  style=\"height: 20px\"><\/div><\/div>[vc_column_text css_animation=&#8221;fadeInRight&#8221; css=&#8221;&#8221;]<\/p>\n<h1 style=\"text-align: center;\"><span style=\"color: #000000;\">Eventos Sostenibles<\/span><\/h1>\n<div id=\"searchText\">\n<p style=\"text-align: center;\"><span style=\"color: #000000;\">\u00bfTe preocupa tu impacto en el medio ambiente? Estamos aqu\u00ed para ayudarte.<\/span><\/p>\n<\/div>\n<p>[\/vc_column_text]<div class=\"naix-empty-space \"><div class=\"nx_empty_space_lg\"  style=\"height: 50px\"><\/div><div class=\"nx_empty_space_md\"  style=\"height: 50px\"><\/div><div class=\"nx_empty_space_xs\"  style=\"height: 20px\"><\/div><\/div>[\/vc_column][\/vc_row][vc_row css=&#8221;.vc_custom_1737663262725{background-color: #FFFFFF !important;}&#8221;][vc_column width=&#8221;1\/2&#8243;][vc_column_text css_animation=&#8221;fadeInUp&#8221; css=&#8221;&#8221;]<span style=\"color: #000000;\">En Quan Experiencias creemos que el \u00e9xito de un evento va m\u00e1s all\u00e1 de la satisfacci\u00f3n de los asistentes o los resultados comerciales. Hoy, el impacto ambiental y social tambi\u00e9n es un factor clave.<\/span>[\/vc_column_text][\/vc_column][vc_column width=&#8221;1\/2&#8243;][vc_column_text css_animation=&#8221;fadeInUp&#8221; css=&#8221;&#8221;]<span style=\"color: #000000;\">Por eso, dise\u00f1amos y gestionamos eventos con un enfoque sostenible, ayud\u00e1ndote a reducir la huella de carbono en cada etapa del proceso. Desde la planificaci\u00f3n hasta la ejecuci\u00f3n, nos aseguramos de que cada decisi\u00f3n contribuya al bienestar del planeta y refuerce los valores de tu empresa, sin comprometer la calidad de la experiencia.<\/span>[\/vc_column_text][\/vc_column][\/vc_row][vc_row full_width=&#8221;stretch_row_content_no_spaces&#8221; css=&#8221;.vc_custom_1737661657634{background-color: #FFFFFF !important;background-position: center !important;background-repeat: no-repeat !important;background-size: cover !important;}&#8221;][vc_column]<div class=\"naix-empty-space \"><div class=\"nx_empty_space_lg\"  style=\"height: 50px\"><\/div><div class=\"nx_empty_space_md\"  style=\"height: 50px\"><\/div><div class=\"nx_empty_space_xs\"  style=\"height: 20px\"><\/div><\/div>[vc_images_carousel images=&#8221;4616,4615&#8243; img_size=&#8221;full&#8221; onclick=&#8221;link_no&#8221; speed=&#8221;1000&#8243; autoplay=&#8221;yes&#8221; hide_pagination_control=&#8221;yes&#8221; wrap=&#8221;yes&#8221; css=&#8221;&#8221;]<div class=\"naix-empty-space \"><div class=\"nx_empty_space_lg\"  style=\"height: 40px\"><\/div><div class=\"nx_empty_space_md\"  style=\"height: 40px\"><\/div><div class=\"nx_empty_space_xs\"  style=\"height: 80px\"><\/div><\/div>[\/vc_column][\/vc_row][vc_row css=&#8221;.vc_custom_1737663262725{background-color: #FFFFFF !important;}&#8221;][vc_column width=&#8221;1\/2&#8243;][vc_column_text css_animation=&#8221;fadeInUp&#8221; css=&#8221;&#8221;]<\/p>\n<h3><span style=\"color: #000000;\"><strong>\u00bfQu\u00e9 hacemos?<\/strong><\/span><\/h3>\n<ul>\n<li><span style=\"color: #000000;\"><strong>Destinos inteligentes:<\/strong> Elegimos lugares accesibles para reducir desplazamientos y emisiones.<\/span><\/li>\n<li><span style=\"color: #000000;\"><strong>Catering responsable:<\/strong> Trabajamos con proveedores que utilizan ingredientes locales, de temporada y ecol\u00f3gicos.<\/span><\/li>\n<li><span style=\"color: #000000;\"><strong>Menos residuos:<\/strong> Digitalizamos comunicaciones, usamos materiales reciclables y reducimos desperdicios.<\/span><\/li>\n<li><span style=\"color: #000000;\"><strong>Medici\u00f3n de impacto:<\/strong> Utilizamos una calculadora de emisiones de carbono para evaluar y reducir el impacto de cada evento.<\/span><\/li>\n<\/ul>\n<p>[\/vc_column_text]<div class=\"naix-empty-space \"><div class=\"nx_empty_space_lg\"  style=\"height: 70px\"><\/div><div class=\"nx_empty_space_md\"  style=\"height: 70px\"><\/div><div class=\"nx_empty_space_xs\"  style=\"height: 80px\"><\/div><\/div>[\/vc_column][vc_column width=&#8221;1\/2&#8243;][vc_column_text css_animation=&#8221;fadeInUp&#8221; css=&#8221;&#8221;]<\/p>\n<h3><span style=\"color: #000000;\">\u00bfPor qu\u00e9 elegir un evento sostenible?<\/span><\/h3>\n<p><span style=\"color: #000000;\">Un evento responsable inspira a los asistentes, refuerza los valores de tu empresa y genera un impacto positivo en el planeta, mientras maximiz\u00e1s el retorno de tu inversi\u00f3n (ROI).<\/span>[\/vc_column_text][\/vc_column][\/vc_row]<\/p>\n<\/div>","protected":false},"excerpt":{"rendered":"<p>[vc_row full_width=&#8221;stretch_row_content_no_spaces&#8221; css=&#8221;.vc_custom_1737659356502{background-image: url(http:\/\/quanexperiencias.com\/home\/wp-content\/uploads\/2025\/01\/1-24-1.jpg?id=4504) !important;background-position: center !important;background-repeat: no-repeat !important;background-size: cover !important;}&#8221; el_class=&#8221;vc_bg_fixed&#8221;][vc_column][vc_single_image image=&#8221;4496&#8243; img_size=&#8221;large&#8221; alignment=&#8221;center&#8221; css_animation=&#8221;fadeInLeftBig&#8221; css=&#8221;&#8221;][\/vc_column][\/vc_row][vc_row css=&#8221;.vc_custom_1737663588378{background-color: #FFFFFF !important;}&#8221;][vc_column][vc_column_text css_animation=&#8221;fadeInRight&#8221; css=&#8221;&#8221;] Una elecci\u00f3n inteligente para eventos memorables. [\/vc_column_text][\/vc_column][\/vc_row][vc_row css=&#8221;.vc_custom_1737663221748{background-color: #FFFFFF !important;}&#8221;][vc_column width=&#8221;1\/2&#8243;][vc_column_text css_animation=&#8221;fadeInUp&#8221; css=&#8221;&#8221;]En Quan Experiencias, nos especializamos en la planificaci\u00f3n, dise\u00f1o y producci\u00f3n de viajes de incentivo y eventos corporativos que marcan la&hellip;<\/p>\n","protected":false},"author":1,"featured_media":0,"parent":0,"menu_order":0,"comment_status":"closed","ping_status":"closed","template":"template-homepage.php","meta":{"_joinchat":[],"footnotes":""},"class_list":["post-3992","page","type-page","status-publish","hentry"],"_links":{"self":[{"href":"http:\/\/quanexperiencias.com\/home\/wp-json\/wp\/v2\/pages\/3992","targetHints":{"allow":["GET"]}}],"collection":[{"href":"http:\/\/quanexperiencias.com\/home\/wp-json\/wp\/v2\/pages"}],"about":[{"href":"http:\/\/quanexperiencias.com\/home\/wp-json\/wp\/v2\/types\/page"}],"author":[{"embeddable":true,"href":"http:\/\/quanexperiencias.com\/home\/wp-json\/wp\/v2\/users\/1"}],"replies":[{"embeddable":true,"href":"http:\/\/quanexperiencias.com\/home\/wp-json\/wp\/v2\/comments?post=3992"}],"version-history":[{"count":90,"href":"http:\/\/quanexperiencias.com\/home\/wp-json\/wp\/v2\/pages\/3992\/revisions"}],"predecessor-version":[{"id":4627,"href":"http:\/\/quanexperiencias.com\/home\/wp-json\/wp\/v2\/pages\/3992\/revisions\/4627"}],"wp:attachment":[{"href":"http:\/\/quanexperiencias.com\/home\/wp-json\/wp\/v2\/media?parent=3992"}],"curies":[{"name":"wp","href":"https:\/\/api.w.org\/{rel}","templated":true}]}}