{"id":2762,"date":"2017-05-30T06:57:44","date_gmt":"2017-05-30T06:57:44","guid":{"rendered":"http:\/\/localhost\/naix\/?page_id=2762"},"modified":"2025-01-24T14:31:01","modified_gmt":"2025-01-24T14:31:01","slug":"somosquan","status":"publish","type":"page","link":"http:\/\/quanexperiencias.com\/home\/somosquan\/","title":{"rendered":"NOSOTROS"},"content":{"rendered":"<div class=\"wpb-content-wrapper\"><p>[vc_row][vc_column]<div class=\"naix-empty-space \"><div class=\"nx_empty_space_lg\"  style=\"height: 190px\"><\/div><div class=\"nx_empty_space_md\"  style=\"height: 190px\"><\/div><div class=\"nx_empty_space_xs\"  style=\"height: 100px\"><\/div><\/div>[\/vc_column][\/vc_row][vc_row][vc_column]<div class=\"naix-section-text-effect \"><h6 class=\"title\">SOMOS QUAN<\/h6> <h2 class=\"desc\" >EXPERIENCIAS  <span class=\"source-text\" id=\"text-effect-69e1cf53bdef1\"><\/span><span class=\"console-cursor\">|<\/span><\/h2><\/div><div class=\"naix-empty-space \"><div class=\"nx_empty_space_lg\"  style=\"height: 190px\"><\/div><div class=\"nx_empty_space_md\"  style=\"height: 190px\"><\/div><div class=\"nx_empty_space_xs\"  style=\"height: 100px\"><\/div><\/div>[\/vc_column][\/vc_row][vc_row full_width=&#8221;stretch_row_content_no_spaces&#8221;][vc_column][vc_images_carousel images=&#8221;4374,4373,4372,4371,4370,4369,4368,4357&#8243; img_size=&#8221;full&#8221; onclick=&#8221;link_no&#8221; speed=&#8221;1200&#8243; autoplay=&#8221;yes&#8221; hide_pagination_control=&#8221;yes&#8221; hide_prev_next_buttons=&#8221;yes&#8221; wrap=&#8221;yes&#8221; css=&#8221;&#8221;]<div class=\"naix-empty-space \"><div class=\"nx_empty_space_lg\"  style=\"height: 75px\"><\/div><div class=\"nx_empty_space_md\"  style=\"height: 75px\"><\/div><div class=\"nx_empty_space_xs\"  style=\"height: 40px\"><\/div><\/div>[\/vc_column][\/vc_row][vc_row][vc_column width=&#8221;1\/2&#8243;][vc_column_text css=&#8221;&#8221;]<\/p>\n<h4 style=\"text-align: left;\" data-pm-slice=\"1 1 []\"><span style=\"color: #212121;\">En Quan Experiencias, contamos con m\u00e1s de 14 a\u00f1os dedicados a la organizaci\u00f3n de eventos y viajes de incentivos. <\/span><\/h4>\n<h4 style=\"text-align: left;\" data-pm-slice=\"1 1 []\"><span style=\"color: #212121;\">Nuestro enfoque est\u00e1 en crear experiencias de alto impacto que potencien la motivaci\u00f3n del equipo y refuercen la imagen corporativa de cada cliente.<\/span><\/h4>\n<p>[\/vc_column_text][\/vc_column][vc_column width=&#8221;1\/2&#8243;][vc_column_text css=&#8221;&#8221;]<\/p>\n<h4 style=\"text-align: left;\"><span style=\"color: #212121;\">Somos expertos en la producci\u00f3n de viajes de incentivo y eventos corporativos, reconocidos como agentes oficiales de MotoGP y WSBK en Argentina.<\/span><\/h4>\n<h4 style=\"text-align: left;\"><span style=\"color: #212121;\">Con oficinas en Buenos Aires y representaci\u00f3n en Madrid, combinamos alcance global con un conocimiento profundo del mercado local. Nuestro equipo profesional, altamente capacitado, transforma cada proyecto en una experiencia \u00fanica e inolvidable.<\/span><\/h4>\n<p>[\/vc_column_text][\/vc_column][vc_column parallax=&#8221;content-moving-fade&#8221;][vc_wp_text]<\/p>\n<div style=\"position: relative; padding-bottom: 56.25%; height: auto; overflow: hidden; max-width: 100%;\"><video style=\"position: absolute; top: 0; left: 0; width: 100%; height: 100%;\" src=\"http:\/\/quanexperiencias.com\/home\/wp-content\/uploads\/2024\/10\/Multimedia2-1.mp4\" autoplay=\"autoplay\" loop=\"loop\" muted=\"\" controls=\"controls\" width=\"300\" height=\"150\"><\/video><\/div>\n<p>[\/vc_wp_text][\/vc_column][\/vc_row][vc_row full_width=&#8221;stretch_row_content_no_spaces&#8221;][vc_column]<div class=\"naix-portfolios-list  style-1\"><div class=\"port-item text-light\"> <div class=\"port-content\" > <a href=\"https:\/\/quanexperiencias.com\/desarrollo\/meeting-events\/\" class=\"port-title\" ><h2>MEETING & EVENTS<\/h2><span class=\"subtitle\">Creatividad, planificaci\u00f3n y producci\u00f3n integral<\/span><\/a><\/div > <div class=\"port-bg-white\" ><\/div><div class=\"port-bg\"  style=\"background-image: url(http:\/\/quanexperiencias.com\/home\/wp-content\/uploads\/2025\/01\/1.png)\"><\/div><\/div >  <div class=\"port-item text-light\"> <div class=\"port-content\" > <a href=\"https:\/\/quanexperiencias.com\/desarrollo\/sports-travel\/\" class=\"port-title\" ><h2>SPORTS TRAVEL<\/h2><span class=\"subtitle\">Garantizamos una vivencia excepcional en viajes a eventos deportivos.<\/span><\/a><\/div > <div class=\"port-bg-white\" ><\/div><div class=\"port-bg\"  style=\"background-image: url(http:\/\/quanexperiencias.com\/home\/wp-content\/uploads\/2025\/01\/2.png)\"><\/div><\/div >  <div class=\"port-item text-light\"> <div class=\"port-content\" > <a href=\"https:\/\/quanexperiencias.com\/desarrollo\/incoming\/\" class=\"port-title\" ><h2>INCOMING<\/h2><span class=\"subtitle\">Turismo receptivo<\/span><\/a><\/div > <div class=\"port-bg-white\" ><\/div><div class=\"port-bg\"  style=\"background-image: url(http:\/\/quanexperiencias.com\/home\/wp-content\/uploads\/2025\/01\/3-21.jpg)\"><\/div><\/div > <\/div><div class=\"naix-empty-space \"><div class=\"nx_empty_space_lg\"  style=\"height: 90px\"><\/div><div class=\"nx_empty_space_md\"  style=\"height: 90px\"><\/div><div class=\"nx_empty_space_xs\"  style=\"height: 100px\"><\/div><\/div><div class=\"naix-section-title  style-2 text- \"><h2 class=\"title\">AGENCIA OFICIAL EN ARGENTINA<\/h2>  <div class=\"desc\" ><p><img loading=\"lazy\" decoding=\"async\" class=\"aligncenter wp-image-4405 size-large\" src=\"http:\/\/quanexperiencias.com\/home\/wp-content\/uploads\/2025\/01\/a-11-1024x230.jpg\" alt=\"\" width=\"840\" height=\"189\" srcset=\"http:\/\/quanexperiencias.com\/home\/wp-content\/uploads\/2025\/01\/a-11-1024x230.jpg 1024w, http:\/\/quanexperiencias.com\/home\/wp-content\/uploads\/2025\/01\/a-11-300x67.jpg 300w, http:\/\/quanexperiencias.com\/home\/wp-content\/uploads\/2025\/01\/a-11-768x173.jpg 768w, http:\/\/quanexperiencias.com\/home\/wp-content\/uploads\/2025\/01\/a-11-1536x345.jpg 1536w, http:\/\/quanexperiencias.com\/home\/wp-content\/uploads\/2025\/01\/a-11-2048x460.jpg 2048w, http:\/\/quanexperiencias.com\/home\/wp-content\/uploads\/2025\/01\/a-11-480x108.jpg 480w, http:\/\/quanexperiencias.com\/home\/wp-content\/uploads\/2025\/01\/a-11-330x74.jpg 330w\" sizes=\"auto, (max-width: 840px) 100vw, 840px\" \/><\/p>\n<\/div><\/div>[\/vc_column][\/vc_row][vc_row][vc_column]<div class=\"naix-empty-space \"><div class=\"nx_empty_space_lg\"  style=\"height: 70px\"><\/div><div class=\"nx_empty_space_md\"  style=\"height: 70px\"><\/div><div class=\"nx_empty_space_xs\"  style=\"height: 100px\"><\/div><\/div><div class=\"naix-empty-space \"><div class=\"nx_empty_space_lg\"  style=\"height: 60px\"><\/div><div class=\"nx_empty_space_md\"  style=\"height: 60px\"><\/div><div class=\"nx_empty_space_xs\"  style=\"height: 100px\"><\/div><\/div>[vc_single_image image=&#8221;4421&#8243; img_size=&#8221;full&#8221; alignment=&#8221;center&#8221; onclick=&#8221;zoom&#8221; css=&#8221;&#8221;]<div class=\"naix-empty-space \"><div class=\"nx_empty_space_lg\"  style=\"height: 190px\"><\/div><div class=\"nx_empty_space_md\"  style=\"height: 190px\"><\/div><div class=\"nx_empty_space_xs\"  style=\"height: 100px\"><\/div><\/div>[\/vc_column][\/vc_row]<\/p>\n<\/div>","protected":false},"excerpt":{"rendered":"<p>[vc_row][vc_column][\/vc_column][\/vc_row][vc_row][vc_column][\/vc_column][\/vc_row][vc_row full_width=&#8221;stretch_row_content_no_spaces&#8221;][vc_column][vc_images_carousel images=&#8221;4374,4373,4372,4371,4370,4369,4368,4357&#8243; img_size=&#8221;full&#8221; onclick=&#8221;link_no&#8221; speed=&#8221;1200&#8243; autoplay=&#8221;yes&#8221; hide_pagination_control=&#8221;yes&#8221; hide_prev_next_buttons=&#8221;yes&#8221; wrap=&#8221;yes&#8221; css=&#8221;&#8221;][\/vc_column][\/vc_row][vc_row][vc_column width=&#8221;1\/2&#8243;][vc_column_text css=&#8221;&#8221;] En Quan Experiencias, contamos con m\u00e1s de 14 a\u00f1os dedicados a la organizaci\u00f3n de eventos y viajes de incentivos. Nuestro enfoque est\u00e1 en crear experiencias de alto impacto que potencien la motivaci\u00f3n del equipo y refuercen la imagen corporativa de cada cliente.&hellip;<\/p>\n","protected":false},"author":1,"featured_media":0,"parent":0,"menu_order":0,"comment_status":"closed","ping_status":"closed","template":"template-homepage.php","meta":{"_joinchat":[],"footnotes":""},"class_list":["post-2762","page","type-page","status-publish","hentry"],"_links":{"self":[{"href":"http:\/\/quanexperiencias.com\/home\/wp-json\/wp\/v2\/pages\/2762","targetHints":{"allow":["GET"]}}],"collection":[{"href":"http:\/\/quanexperiencias.com\/home\/wp-json\/wp\/v2\/pages"}],"about":[{"href":"http:\/\/quanexperiencias.com\/home\/wp-json\/wp\/v2\/types\/page"}],"author":[{"embeddable":true,"href":"http:\/\/quanexperiencias.com\/home\/wp-json\/wp\/v2\/users\/1"}],"replies":[{"embeddable":true,"href":"http:\/\/quanexperiencias.com\/home\/wp-json\/wp\/v2\/comments?post=2762"}],"version-history":[{"count":59,"href":"http:\/\/quanexperiencias.com\/home\/wp-json\/wp\/v2\/pages\/2762\/revisions"}],"predecessor-version":[{"id":4692,"href":"http:\/\/quanexperiencias.com\/home\/wp-json\/wp\/v2\/pages\/2762\/revisions\/4692"}],"wp:attachment":[{"href":"http:\/\/quanexperiencias.com\/home\/wp-json\/wp\/v2\/media?parent=2762"}],"curies":[{"name":"wp","href":"https:\/\/api.w.org\/{rel}","templated":true}]}}